{"id":3426,"date":"2026-02-27T19:48:44","date_gmt":"2026-02-27T19:48:44","guid":{"rendered":"https:\/\/nacibh17.sg-host.com\/?page_id=3426"},"modified":"2026-04-06T20:14:44","modified_gmt":"2026-04-06T20:14:44","slug":"blog","status":"publish","type":"page","link":"https:\/\/tevawellnesslifestyle.com\/es\/blog\/","title":{"rendered":"Blog"},"content":{"rendered":"\t\t<div data-elementor-type=\"wp-page\" data-elementor-id=\"3426\" class=\"elementor elementor-3426\" data-elementor-settings=\"{&quot;element_pack_global_tooltip_width&quot;:{&quot;unit&quot;:&quot;px&quot;,&quot;size&quot;:&quot;&quot;,&quot;sizes&quot;:[]},&quot;element_pack_global_tooltip_width_tablet&quot;:{&quot;unit&quot;:&quot;px&quot;,&quot;size&quot;:&quot;&quot;,&quot;sizes&quot;:[]},&quot;element_pack_global_tooltip_width_mobile&quot;:{&quot;unit&quot;:&quot;px&quot;,&quot;size&quot;:&quot;&quot;,&quot;sizes&quot;:[]},&quot;element_pack_global_tooltip_padding&quot;:{&quot;unit&quot;:&quot;px&quot;,&quot;top&quot;:&quot;&quot;,&quot;right&quot;:&quot;&quot;,&quot;bottom&quot;:&quot;&quot;,&quot;left&quot;:&quot;&quot;,&quot;isLinked&quot;:true},&quot;element_pack_global_tooltip_padding_tablet&quot;:{&quot;unit&quot;:&quot;px&quot;,&quot;top&quot;:&quot;&quot;,&quot;right&quot;:&quot;&quot;,&quot;bottom&quot;:&quot;&quot;,&quot;left&quot;:&quot;&quot;,&quot;isLinked&quot;:true},&quot;element_pack_global_tooltip_padding_mobile&quot;:{&quot;unit&quot;:&quot;px&quot;,&quot;top&quot;:&quot;&quot;,&quot;right&quot;:&quot;&quot;,&quot;bottom&quot;:&quot;&quot;,&quot;left&quot;:&quot;&quot;,&quot;isLinked&quot;:true},&quot;element_pack_global_tooltip_border_radius&quot;:{&quot;unit&quot;:&quot;px&quot;,&quot;top&quot;:&quot;&quot;,&quot;right&quot;:&quot;&quot;,&quot;bottom&quot;:&quot;&quot;,&quot;left&quot;:&quot;&quot;,&quot;isLinked&quot;:true},&quot;element_pack_global_tooltip_border_radius_tablet&quot;:{&quot;unit&quot;:&quot;px&quot;,&quot;top&quot;:&quot;&quot;,&quot;right&quot;:&quot;&quot;,&quot;bottom&quot;:&quot;&quot;,&quot;left&quot;:&quot;&quot;,&quot;isLinked&quot;:true},&quot;element_pack_global_tooltip_border_radius_mobile&quot;:{&quot;unit&quot;:&quot;px&quot;,&quot;top&quot;:&quot;&quot;,&quot;right&quot;:&quot;&quot;,&quot;bottom&quot;:&quot;&quot;,&quot;left&quot;:&quot;&quot;,&quot;isLinked&quot;:true}}\" data-elementor-post-type=\"page\">\n\t\t\t\t<div class=\"elementor-element elementor-element-6f6b020 e-con-full e-flex e-con e-parent\" data-id=\"6f6b020\" data-element_type=\"container\" data-e-type=\"container\" data-settings=\"{&quot;background_background&quot;:&quot;classic&quot;}\">\n\t\t\t\t<div class=\"elementor-element elementor-element-ba8d403 elementor-widget elementor-widget-heading\" data-id=\"ba8d403\" data-element_type=\"widget\" data-e-type=\"widget\" data-widget_type=\"heading.default\">\n\t\t\t\t<div class=\"elementor-widget-container\">\n\t\t\t\t\t<h2 class=\"elementor-heading-title elementor-size-default\">Wellness Intelligence \u00b7 The Teva Journal\n\n<\/h2>\t\t\t\t<\/div>\n\t\t\t\t<\/div>\n\t\t\t\t<div class=\"elementor-element elementor-element-56b8747 elementor-absolute bdt-ep-marquee-direction-left elementor-widget elementor-widget-bdt-marquee\" data-id=\"56b8747\" data-element_type=\"widget\" data-e-type=\"widget\" data-settings=\"{&quot;marquee_type_text&quot;:[{&quot;marquee_content&quot;:&quot;Teva Journal&quot;,&quot;_id&quot;:&quot;d98f8f7&quot;,&quot;marquee_link&quot;:{&quot;url&quot;:&quot;&quot;,&quot;is_external&quot;:true,&quot;nofollow&quot;:true,&quot;custom_attributes&quot;:&quot;&quot;},&quot;marquee_icon&quot;:{&quot;value&quot;:&quot;&quot;,&quot;library&quot;:&quot;&quot;},&quot;marquee_icon_position&quot;:null,&quot;marquee_color&quot;:&quot;&quot;,&quot;marquee_bg_color&quot;:&quot;&quot;},{&quot;marquee_content&quot;:&quot;Teva Journal&quot;,&quot;_id&quot;:&quot;d5e7dc6&quot;,&quot;marquee_link&quot;:{&quot;url&quot;:&quot;&quot;,&quot;is_external&quot;:true,&quot;nofollow&quot;:true,&quot;custom_attributes&quot;:&quot;&quot;},&quot;marquee_icon&quot;:{&quot;value&quot;:&quot;&quot;,&quot;library&quot;:&quot;&quot;},&quot;marquee_icon_position&quot;:null,&quot;marquee_color&quot;:&quot;&quot;,&quot;marquee_bg_color&quot;:&quot;&quot;}],&quot;_position&quot;:&quot;absolute&quot;,&quot;marquee_type&quot;:&quot;text&quot;,&quot;marquee_item_spacing&quot;:{&quot;unit&quot;:&quot;px&quot;,&quot;size&quot;:&quot;&quot;,&quot;sizes&quot;:[]},&quot;marquee_item_spacing_tablet&quot;:{&quot;unit&quot;:&quot;px&quot;,&quot;size&quot;:&quot;&quot;,&quot;sizes&quot;:[]},&quot;marquee_item_spacing_mobile&quot;:{&quot;unit&quot;:&quot;px&quot;,&quot;size&quot;:&quot;&quot;,&quot;sizes&quot;:[]},&quot;marquee_speed&quot;:50,&quot;marquee_direction&quot;:&quot;left&quot;}\" data-widget_type=\"bdt-marquee.default\">\n\t\t\t\t<div class=\"elementor-widget-container\">\n\t\t\t\t\t\n\n\t\t<div id=\"bdt-marque-56b8747\" class=\"bdt-marquee marquee-type-text marquee-horizontal\">\n\t\t\t\t\t\t\t\t\n\t\t\t\t\t<div class=\"marquee-content marquee-text\" >\n\n\n\t\t\t\t\t\t<span class=\"marquee-title bdt-flex bdt-flex-middle\" >Teva Journal<\/span>\t\t\t\t\t<\/div>\n\n\t\t\t\n\t\t\t\t\t<div class=\"marquee-content marquee-text\" >\n\n\n\t\t\t\t\t\t<span class=\"marquee-title bdt-flex bdt-flex-middle\" >Teva Journal<\/span>\t\t\t\t\t<\/div>\n\n\t\t\t\t\t\n\t\t\n\t\t\t<\/div>\n\t\t\t\t<\/div>\n\t\t\t\t<\/div>\n\t\t\t\t<div class=\"elementor-element elementor-element-af0576a pp-dual-heading-inline elementor-widget elementor-widget-pp-dual-heading\" data-id=\"af0576a\" data-element_type=\"widget\" data-e-type=\"widget\" data-widget_type=\"pp-dual-heading.default\">\n\t\t\t\t<div class=\"elementor-widget-container\">\n\t\t\t\t\t<h2 class=\"pp-dual-heading\"><span class=\"pp-first-text\">The <\/span><span class=\"pp-second-text\"><br>Journal<\/span><\/h2>\t\t\t\t<\/div>\n\t\t\t\t<\/div>\n\t\t\t\t<div class=\"elementor-element elementor-element-934329c elementor-widget elementor-widget-text-editor\" data-id=\"934329c\" data-element_type=\"widget\" data-e-type=\"widget\" data-widget_type=\"text-editor.default\">\n\t\t\t\t<div class=\"elementor-widget-container\">\n\t\t\t\t\t\t\t\t\t<p>Science, practice, and perspective from the people building Mexico&#8217;s most <br \/>complete wellness ecosystem.<\/p>\t\t\t\t\t\t\t\t<\/div>\n\t\t\t\t<\/div>\n\t\t\t\t<\/div>\n\t\t<div class=\"elementor-element elementor-element-566a580 e-con-full e-flex e-con e-parent\" data-id=\"566a580\" data-element_type=\"container\" data-e-type=\"container\">\n\t\t<div class=\"elementor-element elementor-element-192ba66 e-con-full e-flex e-con e-child\" data-id=\"192ba66\" data-element_type=\"container\" data-e-type=\"container\" data-settings=\"{&quot;background_background&quot;:&quot;classic&quot;}\">\n\t\t\t\t<div class=\"elementor-element elementor-element-6e03fc7 elementor-widget elementor-widget-heading\" data-id=\"6e03fc7\" data-element_type=\"widget\" data-e-type=\"widget\" data-widget_type=\"heading.default\">\n\t\t\t\t<div class=\"elementor-widget-container\">\n\t\t\t\t\t<h2 class=\"elementor-heading-title elementor-size-default\">Featured \u00b7 Principal Story<\/h2>\t\t\t\t<\/div>\n\t\t\t\t<\/div>\n\t\t\t\t<\/div>\n\t\t<div class=\"elementor-element elementor-element-8bbf2cc e-con-full e-flex e-con e-child\" data-id=\"8bbf2cc\" data-element_type=\"container\" data-e-type=\"container\">\n\t\t\t\t<div class=\"elementor-element elementor-element-3e497c5 elementor-widget elementor-widget-heading\" data-id=\"3e497c5\" data-element_type=\"widget\" data-e-type=\"widget\" data-widget_type=\"heading.default\">\n\t\t\t\t<div class=\"elementor-widget-container\">\n\t\t\t\t\t<h2 class=\"elementor-heading-title elementor-size-default\">Data &amp; Science\n<\/h2>\t\t\t\t<\/div>\n\t\t\t\t<\/div>\n\t\t\t\t<div class=\"elementor-element elementor-element-57d6473 elementor-widget elementor-widget-heading\" data-id=\"57d6473\" data-element_type=\"widget\" data-e-type=\"widget\" data-widget_type=\"heading.default\">\n\t\t\t\t<div class=\"elementor-widget-container\">\n\t\t\t\t\t<h2 class=\"elementor-heading-title elementor-size-default\">Your VO\u2082 Max Is the<br> <span style=\"color:#747a4e;font-style:italic\">Most Honest Number <\/span><br>in Fitness.<\/h2>\t\t\t\t<\/div>\n\t\t\t\t<\/div>\n\t\t\t\t<div class=\"elementor-element elementor-element-1e5b2fc elementor-widget elementor-widget-text-editor\" data-id=\"1e5b2fc\" data-element_type=\"widget\" data-e-type=\"widget\" data-widget_type=\"text-editor.default\">\n\t\t\t\t<div class=\"elementor-widget-container\">\n\t\t\t\t\t\t\t\t\t<p>Forget the scale. Forget body fat percentages. The single metric that tells you the most about your longevity, energy, and true athletic capacity is one most people have never measured. We break down why VO\u2082 Max is the foundation of every plan we build at Teva \u2014 and how to improve it in 90 days.<\/p>\t\t\t\t\t\t\t\t<\/div>\n\t\t\t\t<\/div>\n\t\t\t\t<div class=\"elementor-element elementor-element-504a214 elementor-author-box--image-valign-middle elementor-widget elementor-widget-author-box\" data-id=\"504a214\" data-element_type=\"widget\" data-e-type=\"widget\" data-widget_type=\"author-box.default\">\n\t\t\t\t<div class=\"elementor-widget-container\">\n\t\t\t\t\t\t\t<div class=\"elementor-author-box\">\n\t\t\t\t\t\t\t<div  class=\"elementor-author-box__avatar\">\n\t\t\t\t\t<img decoding=\"async\" src=\"https:\/\/tevawellnesslifestyle.com\/wp-content\/uploads\/2026\/03\/ANDREA-BARCELO-240x300.jpg\" alt=\"Picture of Coach Daniela Morales\" loading=\"lazy\">\n\t\t\t\t<\/div>\n\t\t\t\n\t\t\t<div class=\"elementor-author-box__text\">\n\t\t\t\t\t\t\t\t\t<div >\n\t\t\t\t\t\t<h4 class=\"elementor-author-box__name\">\n\t\t\t\t\t\t\tCoach Daniela Morales\t\t\t\t\t\t<\/h4>\n\t\t\t\t\t<\/div>\n\t\t\t\t\n\t\t\t\t\t\t\t\t\t<div class=\"elementor-author-box__bio\">\n\t\t\t\t\t\t<p>February 18, 2026 \u00b7 9 min read<\/p>\n\t\t\t\t\t<\/div>\n\t\t\t\t\n\t\t\t\t\t\t\t<\/div>\n\t\t<\/div>\n\t\t\t\t\t\t<\/div>\n\t\t\t\t<\/div>\n\t\t\t\t<\/div>\n\t\t\t\t<\/div>\n\t\t<div class=\"elementor-element elementor-element-42b043a e-con-full e-flex e-con e-parent\" data-id=\"42b043a\" data-element_type=\"container\" data-e-type=\"container\">\n\t\t\t\t<div class=\"elementor-element elementor-element-dee82cc elementor-widget-divider--view-line_text elementor-widget-divider--element-align-center elementor-widget elementor-widget-divider\" data-id=\"dee82cc\" data-element_type=\"widget\" data-e-type=\"widget\" data-widget_type=\"divider.default\">\n\t\t\t\t<div class=\"elementor-widget-container\">\n\t\t\t\t\t\t\t<div class=\"elementor-divider\">\n\t\t\t<span class=\"elementor-divider-separator\">\n\t\t\t\t\t\t\t<span class=\"elementor-divider__text elementor-divider__element\">\n\t\t\t\tLATEST ARTICLES\t\t\t\t<\/span>\n\t\t\t\t\t\t<\/span>\n\t\t<\/div>\n\t\t\t\t\t\t<\/div>\n\t\t\t\t<\/div>\n\t\t\t\t<div class=\"elementor-element elementor-element-ceca591 elementor-grid-3 elementor-grid-tablet-2 elementor-grid-mobile-1 elementor-posts--thumbnail-top elementor-posts__hover-gradient elementor-widget elementor-widget-posts\" data-id=\"ceca591\" data-element_type=\"widget\" data-e-type=\"widget\" data-settings=\"{&quot;cards_columns&quot;:&quot;3&quot;,&quot;cards_columns_tablet&quot;:&quot;2&quot;,&quot;cards_columns_mobile&quot;:&quot;1&quot;,&quot;cards_row_gap&quot;:{&quot;unit&quot;:&quot;px&quot;,&quot;size&quot;:35,&quot;sizes&quot;:[]},&quot;cards_row_gap_tablet&quot;:{&quot;unit&quot;:&quot;px&quot;,&quot;size&quot;:&quot;&quot;,&quot;sizes&quot;:[]},&quot;cards_row_gap_mobile&quot;:{&quot;unit&quot;:&quot;px&quot;,&quot;size&quot;:&quot;&quot;,&quot;sizes&quot;:[]}}\" data-widget_type=\"posts.cards\">\n\t\t\t\t<div class=\"elementor-widget-container\">\n\t\t\t\t\t\t\t<div class=\"elementor-posts-container elementor-posts elementor-posts--skin-cards elementor-grid\" role=\"list\">\n\t\t\t\t<article class=\"elementor-post elementor-grid-item post-3453 post type-post status-publish format-standard has-post-thumbnail hentry category-fitness\" role=\"listitem\">\n\t\t\t<div class=\"elementor-post__card\">\n\t\t\t\t<a class=\"elementor-post__thumbnail__link\" href=\"https:\/\/tevawellnesslifestyle.com\/es\/blog-4\/\" tabindex=\"-1\" ><div class=\"elementor-post__thumbnail\"><img fetchpriority=\"high\" decoding=\"async\" width=\"1024\" height=\"682\" src=\"https:\/\/tevawellnesslifestyle.com\/wp-content\/uploads\/2025\/12\/ritual16-1024x682.jpeg\" class=\"attachment-large size-large wp-image-1767\" alt=\"ritual16\" srcset=\"https:\/\/tevawellnesslifestyle.com\/wp-content\/uploads\/2025\/12\/ritual16-1024x682.jpeg 1024w, https:\/\/tevawellnesslifestyle.com\/wp-content\/uploads\/2025\/12\/ritual16-300x200.jpeg 300w, https:\/\/tevawellnesslifestyle.com\/wp-content\/uploads\/2025\/12\/ritual16-768x512.jpeg 768w, https:\/\/tevawellnesslifestyle.com\/wp-content\/uploads\/2025\/12\/ritual16.jpeg 1280w\" sizes=\"(max-width: 1024px) 100vw, 1024px\" \/><\/div><\/a>\n\t\t\t\t<div class=\"elementor-post__badge\">Fitness<\/div>\n\t\t\t\t<div class=\"elementor-post__text\">\n\t\t\t\t<h3 class=\"elementor-post__title\">\n\t\t\t<a href=\"https:\/\/tevawellnesslifestyle.com\/es\/blog-4\/\" >\n\t\t\t\tNombre de Blog 4\t\t\t<\/a>\n\t\t<\/h3>\n\t\t\t\t<div class=\"elementor-post__excerpt\">\n\t\t\t<p>Durante a\u00f1os, el fitness se redujo a m\u00e1quinas, repeticiones y sudor. Pero ese modelo ignora una variable esencial:&nbsp;la personalizaci\u00f3n basada<\/p>\n\t\t<\/div>\n\t\t\t\t\t<div class=\"elementor-post__read-more-wrapper\">\n\t\t\n\t\t<a class=\"elementor-post__read-more\" href=\"https:\/\/tevawellnesslifestyle.com\/es\/blog-4\/\" aria-label=\"Read more about Nombre de Blog 4\" tabindex=\"-1\" >\n\t\t\tLeer m\u00e1s \t\t<\/a>\n\n\t\t\t\t\t<\/div>\n\t\t\t\t<\/div>\n\t\t\t\t\t<\/div>\n\t\t<\/article>\n\t\t\t\t<article class=\"elementor-post elementor-grid-item post-3450 post type-post status-publish format-standard has-post-thumbnail hentry category-fitness category-sin-categoria\" role=\"listitem\">\n\t\t\t<div class=\"elementor-post__card\">\n\t\t\t\t<a class=\"elementor-post__thumbnail__link\" href=\"https:\/\/tevawellnesslifestyle.com\/es\/blog-1\/\" tabindex=\"-1\" ><div class=\"elementor-post__thumbnail\"><img decoding=\"async\" width=\"1024\" height=\"601\" src=\"https:\/\/tevawellnesslifestyle.com\/wp-content\/uploads\/2026\/01\/teva-events-1024x601.jpg\" class=\"attachment-large size-large wp-image-3328\" alt=\"teva events\" srcset=\"https:\/\/tevawellnesslifestyle.com\/wp-content\/uploads\/2026\/01\/teva-events-1024x601.jpg 1024w, https:\/\/tevawellnesslifestyle.com\/wp-content\/uploads\/2026\/01\/teva-events-300x176.jpg 300w, https:\/\/tevawellnesslifestyle.com\/wp-content\/uploads\/2026\/01\/teva-events-768x451.jpg 768w, https:\/\/tevawellnesslifestyle.com\/wp-content\/uploads\/2026\/01\/teva-events-1536x902.jpg 1536w, https:\/\/tevawellnesslifestyle.com\/wp-content\/uploads\/2026\/01\/teva-events.jpg 1920w\" sizes=\"(max-width: 1024px) 100vw, 1024px\" \/><\/div><\/a>\n\t\t\t\t<div class=\"elementor-post__badge\">Fitness<\/div>\n\t\t\t\t<div class=\"elementor-post__text\">\n\t\t\t\t<h3 class=\"elementor-post__title\">\n\t\t\t<a href=\"https:\/\/tevawellnesslifestyle.com\/es\/blog-1\/\" >\n\t\t\t\tM\u00e1s all\u00e1 del entrenamiento: el nuevo est\u00e1ndar del wellness 360\u00b0 &#8211; Copy\t\t\t<\/a>\n\t\t<\/h3>\n\t\t\t\t<div class=\"elementor-post__excerpt\">\n\t\t\t<p>Durante a\u00f1os, el fitness se redujo a m\u00e1quinas, repeticiones y sudor. Pero ese modelo ignora una variable esencial:&nbsp;la personalizaci\u00f3n basada<\/p>\n\t\t<\/div>\n\t\t\t\t\t<div class=\"elementor-post__read-more-wrapper\">\n\t\t\n\t\t<a class=\"elementor-post__read-more\" href=\"https:\/\/tevawellnesslifestyle.com\/es\/blog-1\/\" aria-label=\"Read more about M\u00e1s all\u00e1 del entrenamiento: el nuevo est\u00e1ndar del wellness 360\u00b0 &#8211; Copy\" tabindex=\"-1\" >\n\t\t\tLeer m\u00e1s \t\t<\/a>\n\n\t\t\t\t\t<\/div>\n\t\t\t\t<\/div>\n\t\t\t\t\t<\/div>\n\t\t<\/article>\n\t\t\t\t<article class=\"elementor-post elementor-grid-item post-3440 post type-post status-publish format-standard has-post-thumbnail hentry category-nutrition category-sin-categoria\" role=\"listitem\">\n\t\t\t<div class=\"elementor-post__card\">\n\t\t\t\t<a class=\"elementor-post__thumbnail__link\" href=\"https:\/\/tevawellnesslifestyle.com\/es\/blog-3\/\" tabindex=\"-1\" ><div class=\"elementor-post__thumbnail\"><img decoding=\"async\" width=\"1024\" height=\"682\" src=\"https:\/\/tevawellnesslifestyle.com\/wp-content\/uploads\/2025\/12\/gym-teva-horizontal-1024x682.jpeg\" class=\"attachment-large size-large wp-image-1564\" alt=\"gym teva horizontal\" srcset=\"https:\/\/tevawellnesslifestyle.com\/wp-content\/uploads\/2025\/12\/gym-teva-horizontal-1024x682.jpeg 1024w, https:\/\/tevawellnesslifestyle.com\/wp-content\/uploads\/2025\/12\/gym-teva-horizontal-300x200.jpeg 300w, https:\/\/tevawellnesslifestyle.com\/wp-content\/uploads\/2025\/12\/gym-teva-horizontal-768x512.jpeg 768w, https:\/\/tevawellnesslifestyle.com\/wp-content\/uploads\/2025\/12\/gym-teva-horizontal.jpeg 1280w\" sizes=\"(max-width: 1024px) 100vw, 1024px\" \/><\/div><\/a>\n\t\t\t\t<div class=\"elementor-post__badge\">Nutrition<\/div>\n\t\t\t\t<div class=\"elementor-post__text\">\n\t\t\t\t<h3 class=\"elementor-post__title\">\n\t\t\t<a href=\"https:\/\/tevawellnesslifestyle.com\/es\/blog-3\/\" >\n\t\t\t\tNombre de Blog 3\t\t\t<\/a>\n\t\t<\/h3>\n\t\t\t\t<div class=\"elementor-post__excerpt\">\n\t\t\t<p>Durante a\u00f1os, el fitness se redujo a m\u00e1quinas, repeticiones y sudor. Pero ese modelo ignora una variable esencial:&nbsp;la personalizaci\u00f3n basada<\/p>\n\t\t<\/div>\n\t\t\t\t\t<div class=\"elementor-post__read-more-wrapper\">\n\t\t\n\t\t<a class=\"elementor-post__read-more\" href=\"https:\/\/tevawellnesslifestyle.com\/es\/blog-3\/\" aria-label=\"Read more about Nombre de Blog 3\" tabindex=\"-1\" >\n\t\t\tLeer m\u00e1s \t\t<\/a>\n\n\t\t\t\t\t<\/div>\n\t\t\t\t<\/div>\n\t\t\t\t\t<\/div>\n\t\t<\/article>\n\t\t\t\t<\/div>\n\t\t\n\t\t\t\t\t\t<\/div>\n\t\t\t\t<\/div>\n\t\t\t\t<\/div>\n\t\t\t\t<\/div>\n\t\t","protected":false},"excerpt":{"rendered":"<p>Wellness Intelligence \u00b7 The Teva Journal Teva Journal Teva Journal The Journal Science, practice, and perspective from the people building Mexico&#8217;s most complete wellness ecosystem. Featured \u00b7 Principal Story Data &amp; Science Your VO\u2082 Max Is the Most Honest Number in Fitness. Forget the scale. Forget body fat percentages. The single metric that tells you [&hellip;]<\/p>\n","protected":false},"author":2,"featured_media":0,"parent":0,"menu_order":0,"comment_status":"closed","ping_status":"closed","template":"","meta":{"site-sidebar-layout":"no-sidebar","site-content-layout":"page-builder","ast-site-content-layout":"full-width-container","site-content-style":"default","site-sidebar-style":"default","ast-global-header-display":"","ast-banner-title-visibility":"","ast-main-header-display":"","ast-hfb-above-header-display":"","ast-hfb-below-header-display":"","ast-hfb-mobile-header-display":"","site-post-title":"disabled","ast-breadcrumbs-content":"","ast-featured-img":"disabled","footer-sml-layout":"","ast-disable-related-posts":"","theme-transparent-header-meta":"","adv-header-id-meta":"","stick-header-meta":"","header-above-stick-meta":"","header-main-stick-meta":"","header-below-stick-meta":"","astra-migrate-meta-layouts":"set","ast-page-background-enabled":"default","ast-page-background-meta":{"desktop":{"background-color":"var(--ast-global-color-4)","background-image":"","background-repeat":"repeat","background-position":"center center","background-size":"auto","background-attachment":"scroll","background-type":"","background-media":"","overlay-type":"","overlay-color":"","overlay-opacity":"","overlay-gradient":""},"tablet":{"background-color":"","background-image":"","background-repeat":"repeat","background-position":"center center","background-size":"auto","background-attachment":"scroll","background-type":"","background-media":"","overlay-type":"","overlay-color":"","overlay-opacity":"","overlay-gradient":""},"mobile":{"background-color":"","background-image":"","background-repeat":"repeat","background-position":"center center","background-size":"auto","background-attachment":"scroll","background-type":"","background-media":"","overlay-type":"","overlay-color":"","overlay-opacity":"","overlay-gradient":""}},"ast-content-background-meta":{"desktop":{"background-color":"var(--ast-global-color-5)","background-image":"","background-repeat":"repeat","background-position":"center center","background-size":"auto","background-attachment":"scroll","background-type":"","background-media":"","overlay-type":"","overlay-color":"","overlay-opacity":"","overlay-gradient":""},"tablet":{"background-color":"var(--ast-global-color-5)","background-image":"","background-repeat":"repeat","background-position":"center center","background-size":"auto","background-attachment":"scroll","background-type":"","background-media":"","overlay-type":"","overlay-color":"","overlay-opacity":"","overlay-gradient":""},"mobile":{"background-color":"var(--ast-global-color-5)","background-image":"","background-repeat":"repeat","background-position":"center center","background-size":"auto","background-attachment":"scroll","background-type":"","background-media":"","overlay-type":"","overlay-color":"","overlay-opacity":"","overlay-gradient":""}},"footnotes":""},"class_list":["post-3426","page","type-page","status-publish","hentry"],"_links":{"self":[{"href":"https:\/\/tevawellnesslifestyle.com\/es\/wp-json\/wp\/v2\/pages\/3426","targetHints":{"allow":["GET"]}}],"collection":[{"href":"https:\/\/tevawellnesslifestyle.com\/es\/wp-json\/wp\/v2\/pages"}],"about":[{"href":"https:\/\/tevawellnesslifestyle.com\/es\/wp-json\/wp\/v2\/types\/page"}],"author":[{"embeddable":true,"href":"https:\/\/tevawellnesslifestyle.com\/es\/wp-json\/wp\/v2\/users\/2"}],"replies":[{"embeddable":true,"href":"https:\/\/tevawellnesslifestyle.com\/es\/wp-json\/wp\/v2\/comments?post=3426"}],"version-history":[{"count":43,"href":"https:\/\/tevawellnesslifestyle.com\/es\/wp-json\/wp\/v2\/pages\/3426\/revisions"}],"predecessor-version":[{"id":4140,"href":"https:\/\/tevawellnesslifestyle.com\/es\/wp-json\/wp\/v2\/pages\/3426\/revisions\/4140"}],"wp:attachment":[{"href":"https:\/\/tevawellnesslifestyle.com\/es\/wp-json\/wp\/v2\/media?parent=3426"}],"curies":[{"name":"wp","href":"https:\/\/api.w.org\/{rel}","templated":true}]}}